{"id":6,"date":"2017-07-25T14:34:39","date_gmt":"2017-07-25T14:34:39","guid":{"rendered":"https:\/\/mitwelt-ev.de\/?page_id=6"},"modified":"2017-09-01T09:28:55","modified_gmt":"2017-09-01T09:28:55","slug":"start","status":"publish","type":"page","link":"https:\/\/mitwelt-ev.de\/","title":{"rendered":"Willkommen"},"content":{"rendered":"<p style=\"text-align: center;\">auf der Seite von Mitwelt e.V., dem Deutsch-Estnischen Umweltbildungsverein!<\/p>\n<p>Als Mitglieder des gemeinn\u00fctzigen Vereins unterst\u00fctzen wir seit 2004 den Aufbau der Tipu Naturschule im Soomaa Nationalpark in Estland konzeptionell und finanziell. Dabei verbinden uns langj\u00e4hrige Kontakte mit Ort und Projekt.<\/p>\n<p>Erfahre mehr \u00fcber unseren Verein und die Tipu Naturschule und wie du mitmachen kannst. Wir w\u00fcrden uns freuen, wenn du mit uns in Kontakt trittst!<\/p>\n<p>&nbsp;<\/p>\n<p style=\"text-align: center;\"><strong>Glaube mir, denn ich habe es erfahren, <\/strong><br \/>\n<strong>du wirst mehr in den W\u00e4ldern finden als in den B\u00fcchern. <\/strong><br \/>\n<strong>B\u00e4ume und Boden werden dich lehren, <\/strong><br \/>\n<strong>was du von keinem Lehrmeister h\u00f6rst.<\/strong><\/p>\n<p style=\"text-align: center;\">Bernhard von Clairvaux (1091-1153)<\/p>\n<p>&nbsp;<\/p>\n<p><img loading=\"lazy\" decoding=\"async\" class=\"size-medium wp-image-41 aligncenter\" src=\"https:\/\/mitwelt-ev.de\/wp-content\/uploads\/2017\/07\/logo-300x100.jpg\" alt=\"Mitwelt e.V.\" width=\"300\" height=\"100\" srcset=\"https:\/\/mitwelt-ev.de\/wp-content\/uploads\/2017\/07\/logo-300x100.jpg 300w, https:\/\/mitwelt-ev.de\/wp-content\/uploads\/2017\/07\/logo.jpg 346w\" sizes=\"auto, (max-width: 300px) 100vw, 300px\" \/><\/p>\n<p>&nbsp;<\/p>\n","protected":false},"excerpt":{"rendered":"<p>auf der Seite von Mitwelt e.V., dem Deutsch-Estnischen Umweltbildungsverein! Als Mitglieder des gemeinn\u00fctzigen Vereins unterst\u00fctzen wir seit 2004 den Aufbau der Tipu Naturschule im Soomaa Nationalpark in Estland konzeptionell und finanziell. Dabei verbinden uns langj\u00e4hrige Kontakte mit Ort und Projekt. Erfahre mehr \u00fcber unseren Verein und die Tipu Naturschule und wie du mitmachen kannst. Wir w\u00fcrden uns freuen, wenn du mit uns in Kontakt trittst! &nbsp; Glaube mir, denn ich habe es erfahren, du wirst mehr in den W\u00e4ldern finden als in den B\u00fcchern. B\u00e4ume und Boden werden dich lehren, was du von keinem Lehrmeister h\u00f6rst. Bernhard von Clairvaux (1091-1153) &hellip; <\/p>\n","protected":false},"author":1,"featured_media":0,"parent":0,"menu_order":0,"comment_status":"closed","ping_status":"closed","template":"","meta":{"footnotes":""},"class_list":["post-6","page","type-page","status-publish","hentry"],"_links":{"self":[{"href":"https:\/\/mitwelt-ev.de\/index.php?rest_route=\/wp\/v2\/pages\/6","targetHints":{"allow":["GET"]}}],"collection":[{"href":"https:\/\/mitwelt-ev.de\/index.php?rest_route=\/wp\/v2\/pages"}],"about":[{"href":"https:\/\/mitwelt-ev.de\/index.php?rest_route=\/wp\/v2\/types\/page"}],"author":[{"embeddable":true,"href":"https:\/\/mitwelt-ev.de\/index.php?rest_route=\/wp\/v2\/users\/1"}],"replies":[{"embeddable":true,"href":"https:\/\/mitwelt-ev.de\/index.php?rest_route=%2Fwp%2Fv2%2Fcomments&post=6"}],"version-history":[{"count":13,"href":"https:\/\/mitwelt-ev.de\/index.php?rest_route=\/wp\/v2\/pages\/6\/revisions"}],"predecessor-version":[{"id":252,"href":"https:\/\/mitwelt-ev.de\/index.php?rest_route=\/wp\/v2\/pages\/6\/revisions\/252"}],"wp:attachment":[{"href":"https:\/\/mitwelt-ev.de\/index.php?rest_route=%2Fwp%2Fv2%2Fmedia&parent=6"}],"curies":[{"name":"wp","href":"https:\/\/api.w.org\/{rel}","templated":true}]}}